{"id":22920,"date":"2025-10-12T12:12:07","date_gmt":"2025-10-12T10:12:07","guid":{"rendered":"https:\/\/jakosc.uksw.edu.pl\/?page_id=22920"},"modified":"2025-10-17T16:46:02","modified_gmt":"2025-10-17T14:46:02","slug":"24-x-2025-piatek","status":"publish","type":"page","link":"https:\/\/jakosc.uksw.edu.pl\/tydzien-jakosci-ksztalcenia-2025\/24-x-2025-piatek\/","title":{"rendered":""},"content":{"rendered":"<figure class=\"wp-block-post-featured-image\"><img loading=\"lazy\" decoding=\"async\" width=\"1920\" height=\"1080\" src=\"https:\/\/jakosc.uksw.edu.pl\/wp-content\/uploads\/sites\/61\/2025\/10\/tydzien-1920-x-1080-px-1.png\" class=\"attachment-post-thumbnail size-post-thumbnail wp-post-image\" alt=\"\" style=\"object-fit:cover;\" srcset=\"https:\/\/jakosc.uksw.edu.pl\/wp-content\/uploads\/sites\/61\/2025\/10\/tydzien-1920-x-1080-px-1.png 1920w, https:\/\/jakosc.uksw.edu.pl\/wp-content\/uploads\/sites\/61\/2025\/10\/tydzien-1920-x-1080-px-1-300x169.png 300w, https:\/\/jakosc.uksw.edu.pl\/wp-content\/uploads\/sites\/61\/2025\/10\/tydzien-1920-x-1080-px-1-1024x576.png 1024w, https:\/\/jakosc.uksw.edu.pl\/wp-content\/uploads\/sites\/61\/2025\/10\/tydzien-1920-x-1080-px-1-768x432.png 768w, https:\/\/jakosc.uksw.edu.pl\/wp-content\/uploads\/sites\/61\/2025\/10\/tydzien-1920-x-1080-px-1-1536x864.png 1536w\" sizes=\"auto, (max-width: 1920px) 100vw, 1920px\" \/><\/figure>\n\n\n<p><\/p>\n\n\n\n<h2 class=\"wp-block-heading\"><strong>24 X 2025 -PI\u0104TEK<\/strong><\/h2>\n\n\n\n<p><\/p>\n\n\n\n<h2 class=\"wp-block-heading\">Szkolenia stacjonarne: 10:00 &#8211; 16:00 (bud. 23, sala 201)<\/h2>\n\n\n\n<h2 class=\"wp-block-heading\">Szkolenia online: 16:15-18:30 (MsTeams &#8211; kod: zh4407s)<\/h2>\n\n\n\n<p><\/p>\n\n\n\n<hr class=\"wp-block-separator has-alpha-channel-opacity\" \/>\n\n\n\n<div class=\"wp-block-group\"><div class=\"wp-block-group__inner-container\">\n<h2 class=\"wp-block-heading\"><strong>10:00 &#8211; 11:00<\/strong><\/h2>\n\n\n\n<h4 class=\"wp-block-heading\"><strong><em>Niech wszystkie drogi prowadz\u0105 do Rzymu: jak skutecznie i przyjemnie osi\u0105ga\u0107 cele dydaktyczne?<\/em><\/strong><\/h4>\n\n\n\n<p>\u2014 dr Olga Broni\u015b<\/p>\n\n\n\n<details class=\"wp-block-details is-layout-flow wp-block-details-is-layout-flow\"><summary><strong>Wi\u0119cej informacji<\/strong><\/summary>\n<p>Spotkanie po\u015bwi\u0119cone temu, jak przemieni\u0107 zwyk\u0142e zaj\u0119cia w przestrze\u0144 autentycznej wsp\u00f3\u0142pracy mi\u0119dzy Studentami i co nale\u017cy zrobi\u0107, \u017ceby Studenci ch\u0119tnie wsp\u00f3\u0142pracowali z nami podczas zaj\u0119\u0107 dydaktycznych. Prowadz\u0105ca podzieli si\u0119 pomys\u0142ami na to, jak tw\u00f3rczo \u201eroz\u0142o\u017cy\u0107\u201d cele dydaktyczne i sprawi\u0107, by Studenci poczuli si\u0119 nie tylko uczestnikami, ale tak\u017ce wsp\u00f3\u0142autorami realizowanych zada\u0144. To okazja, by porozmawia\u0107 o praktycznych sposobach anga\u017cowania i inspirowania \u2013 tak, aby nauka stawa\u0142a si\u0119 wsp\u00f3lnym do\u015bwiadczeniem, a nie obowi\u0105zkiem.<\/p>\n<\/details>\n<\/div><\/div>\n\n\n\n<hr class=\"wp-block-separator has-alpha-channel-opacity\" \/>\n\n\n\n<h2 class=\"wp-block-heading\"><strong>11:15 &#8211; 12:15<\/strong><\/h2>\n\n\n\n<h4 class=\"wp-block-heading\"><strong><em>Czym jest i dlaczego warto studiowa\u0107 prawo kanoniczne? Prawo kanoniczne jako atut w karierze prawniczej<\/em><\/strong><\/h4>\n\n\n\n<p>\u2014 mgr Arkadiusz Mr\u00f3z<\/p>\n\n\n\n<details class=\"wp-block-details is-layout-flow wp-block-details-is-layout-flow\"><summary><strong>Wi\u0119cej informacji <\/strong><\/summary>\n<p>Wydzia\u0142 Prawa Kanonicznego UKSW jest jednym z zaledwie kilku wydzia\u0142\u00f3w w Polsce, prowadz\u0105cych studia na kierunku prawo kanoniczne. Studia na tym kierunku ko\u0144czy rocznie w ca\u0142ym kraju jedynie kilkadziesi\u0105t os\u00f3b. Jednocze\u015bnie stale wzrasta zapotrzebowanie na ekspert\u00f3w i praktyk\u00f3w z tego zakresu. Sprawia to, \u017ce absolwenci prawa kanonicznego s\u0105 poszukiwani i cenieni na rynku pracy. Coraz wi\u0119cej student\u00f3w i absolwent\u00f3w prawa podejmuje studia z zakresu prawa kanonicznego. Zdobyta w ten spos\u00f3b kompleksowa wiedza pozwala na prowadzenie spraw z zakresu prawa pa\u0144stwowego i ko\u015bcielnego, w tym m.in. proces\u00f3w o stwierdzenie niewa\u017cno\u015bci ma\u0142\u017ce\u0144stwa w s\u0105dach ko\u015bcielnych. <\/p>\n\n\n\n<p>Absolwenci WPK uzyskuj\u0105 tytu\u0142 zawodowy magistra prawa kanonicznego oraz licencjata w terminologii nauk ko\u015bcielnych. S\u0105 oni przygotowani do podj\u0119cia pracy w administracji i s\u0105downictwie ko\u015bcielnym oraz w urz\u0119dach i instytucjach wymagaj\u0105cych wiedzy prawno-kanonicznej oraz wiedzy z zakresu prawa pa\u0144stwowego. Absolwenci WPK mog\u0105 podj\u0105\u0107 prac\u0119 m.in. w s\u0105dach ko\u015bcielnych, kancelariach prawnych, urz\u0119dach administracji publicznej, kuriach diecezjalnych oraz innych instytucjach ko\u015bcielnych, uczelniach wy\u017cszych oraz organizacjach i instytucjach, w kt\u00f3rych wymagana jest wiedza z zakresu kanonistyki. Wielu student\u00f3w prawa z powodzeniem \u0142\u0105czy studia prawnicze ze studiami na WPK UKSW, uzyskuj\u0105c tytu\u0142y magistra obojga praw.&nbsp;<\/p>\n\n\n\n<p><\/p>\n<\/details>\n\n\n\n<hr class=\"wp-block-separator has-alpha-channel-opacity\" \/>\n\n\n\n<h2 class=\"wp-block-heading\"><strong>12:30 &#8211; 13:30<\/strong><\/h2>\n\n\n\n<h4 class=\"wp-block-heading\"><em><strong>G\u0142os jako narz\u0119dzie komunikacji &#8211; warsztaty z emisji g\u0142osu i dykcji<\/strong><\/em><\/h4>\n\n\n\n<p>\u2014 prof. ucz. dr hab. Katarzyna Flader-Rzeszowska<\/p>\n\n\n\n<details class=\"wp-block-details is-layout-flow wp-block-details-is-layout-flow\"><summary><strong>Wi\u0119cej informacji<\/strong><\/summary>\n<p>Podczas spotkania uczestnicy odkryj\u0105, jak wa\u017cn\u0105 rol\u0119 odgrywa g\u0142os w wyst\u0105pieniach publicznych, pracy akademickiej i zawodowej. Warsztaty poka\u017c\u0105 praktyczne techniki emisji g\u0142osu i dykcji, kt\u00f3re pomog\u0105 m\u00f3wi\u0107 wyra\u017aniej, pewniej i bardziej przekonuj\u0105co.<\/p>\n<\/details>\n\n\n\n<hr class=\"wp-block-separator has-alpha-channel-opacity\" \/>\n\n\n\n<h2 class=\"wp-block-heading\"><strong>13:45 &#8211; 14:45<\/strong><\/h2>\n\n\n\n<h4 class=\"wp-block-heading\"><em><strong>Trudna mowa uczu\u0107, czyli o warto\u015bci komunikacji empatycznej <\/strong><\/em><\/h4>\n\n\n\n<p>\u2014 dr Katarzyna Doboszy\u0144ska-Markiewicz<\/p>\n\n\n\n<details class=\"wp-block-details is-layout-flow wp-block-details-is-layout-flow\"><summary><strong>Wi\u0119cej informacji <\/strong><\/summary>\n<p>Wyk\u0142ad z elementami warsztatu, w czasie kt\u00f3rego opanujemy&nbsp;podstawy j\u0119zyka \u017cyrafy wed\u0142ug metody Porozumienia bez Przemocy. Szczeg\u00f3lnie dowarto\u015bciowana zostanie rola uczu\u0107 niekochanych, takich jak z\u0142o\u015b\u0107, smutek i l\u0119k. Porozmawiamy o tym, co nam komunikuj\u0105 o nas samych i jak je komunikowa\u0107 innym.<\/p>\n<\/details>\n\n\n\n<hr class=\"wp-block-separator has-alpha-channel-opacity\" \/>\n\n\n\n<h2 class=\"wp-block-heading\"><strong>15:00 &#8211; 16:00<\/strong><\/h2>\n\n\n\n<h4 class=\"wp-block-heading\"><strong><em><strong><em>Wyk\u0142adowca versus ankiety usos. Mi\u0119dzy ocenianiem i docenianiem. Studium autoetnograficzne.<\/em><\/strong><\/em><\/strong><\/h4>\n\n\n\n<p>\u2014 dr Micha\u0142 Paluch<\/p>\n\n\n\n<details class=\"wp-block-details is-layout-flow wp-block-details-is-layout-flow\"><summary><strong>Wi\u0119cej informacji<\/strong><\/summary>\n<p>Refleksja toczy si\u0119 w obszarze tematycznym, nazwanym przez Organizator\u00f3w: \u201eRelacje nauczyciel \u2013 student \u2013 jak klimat wsp\u00f3\u0142pracy i wzajemny szacunek przek\u0142adaj\u0105 si\u0119 na lepsze efekty kszta\u0142cenia.\u201d<\/p>\n\n\n\n<p>Uniwersytecki System Obs\u0142ugi Studi\u00f3w(USOS) uchodzi za powszechny, centralny punkt gromadzenia informacji z ca\u0142ej uczelni, na r\u00f3\u017cne tematy. Za informacje przyjmuje si\u0119 tu r\u00f3wnie\u017c dane ilo\u015bciowe i jako\u015bciowe dotycz\u0105ce relacji Nauczyciel \u2013 Student. Postaram si\u0119 odpowiedzie\u0107 na pytania: Czy jakakolwiek mierzalno\u015b\u0107 relacyjno\u015bci dydaktycznej jest uprawniona? Czy wra\u017cenia i prze\u017cycia do\u015bwiadczanie podczas zaj\u0119\u0107 akademickich kwalifikowa\u0107 mo\u017cna do kategorii informacji i danych?<\/p>\n<\/details>\n\n\n\n<hr class=\"wp-block-separator has-alpha-channel-opacity\" \/>\n\n\n\n<h2 class=\"wp-block-heading\"><strong>16:15 &#8211; 17:15 (online)<\/strong><\/h2>\n\n\n\n<p><\/p>\n\n\n\n<h4 class=\"wp-block-heading\"><em><strong>\u015awiadomy student na UKSW. Jak korzysta\u0107 z praw studenta i unika\u0107 b\u0142\u0119d\u00f3w proceduralnych? <\/strong><\/em><\/h4>\n\n\n\n<p>\u2014 mgr Karol Rogala<\/p>\n\n\n\n<details class=\"wp-block-details is-layout-flow wp-block-details-is-layout-flow\"><summary><strong>Wi\u0119cej informacji<\/strong><\/summary>\n<p>Warsztat po\u015bwi\u0119cony b\u0119dzie praktycznemu korzystaniu z regulaminu studi\u00f3w UKSW i ochronie praw studenta. Uczestnicy poznaj\u0105 najwa\u017cniejsze procedury, terminy i narz\u0119dzia, kt\u00f3re pozwol\u0105 unikn\u0105\u0107 problem\u00f3w w toku studi\u00f3w. Zakres warsztatu obejmuje m.in.: prawa studenta, obowi\u0105zki i odpowiedzialno\u015b\u0107&nbsp;za siebie, procedury i \u015brodki ochrony praw. B\u0119dzie tak\u017ce mowa o najcz\u0119stszych b\u0142\u0119dach student\u00f3w, jak i dobrych praktykach.&nbsp;Warsztat b\u0119dzie mia\u0142 r\u00f3wnie\u017c&nbsp;&nbsp;charakter praktyczny \u2013 uczestnicy przeanalizuj\u0105 przyk\u0142adowe sytuacje problemowe&nbsp;oraz dowiedz\u0105 si\u0119, jak reagowa\u0107 w przypadku naruszenia praw studenta.<\/p>\n<\/details>\n\n\n\n<hr class=\"wp-block-separator has-alpha-channel-opacity\" \/>\n\n\n\n<h2 class=\"wp-block-heading\"><strong>17:30 &#8211; 18:30 (online)<\/strong><\/h2>\n\n\n\n<h4 class=\"wp-block-heading\"><em><strong><strong><em>Aktywny student. \u015awiadome planowanie rozwoju kariery naukowej ju\u017c na studiach.<\/em><\/strong><\/strong><\/em><\/h4>\n\n\n\n<p>\u2014 mgr Mariola Pirek<\/p>\n\n\n\n<details class=\"wp-block-details is-layout-flow wp-block-details-is-layout-flow\"><summary><strong>Wi\u0119cej informacji<\/strong><\/summary>\n<p>Spotkanie podczas kt\u00f3rego zostan\u0105 om\u00f3wione mo\u017cliwo\u015bci wsparcia naukowego oraz finansowego dost\u0119pnego dla studenta i doktoranta. <\/p>\n<\/details>\n\n\n\n<p><\/p>\n","protected":false},"excerpt":{"rendered":"<p>24 X 2025 -PI\u0104TEK Szkolenia stacjonarne: 10:00 &#8211; 16:00 (bud. 23, sala 201) Szkolenia online: 16:15-18:30 (MsTeams &#8211; kod: zh4407s) 10:00 &#8211; 11:00 Niech wszystkie drogi prowadz\u0105 do Rzymu: jak skutecznie i przyjemnie osi\u0105ga\u0107 cele dydaktyczne? \u2014 dr Olga Broni\u015b 11:15 &#8211; 12:15 Czym jest i dlaczego warto studiowa\u0107 prawo kanoniczne? Prawo kanoniczne jako atut [&hellip;]<\/p>\n","protected":false},"author":630,"featured_media":22845,"parent":22711,"menu_order":0,"comment_status":"closed","ping_status":"closed","template":"","meta":{"_acf_changed":false,"inline_featured_image":false,"footnotes":"","_links_to":"","_links_to_target":""},"class_list":["post-22920","page","type-page","status-publish","has-post-thumbnail","hentry"],"acf":[],"_links":{"self":[{"href":"https:\/\/jakosc.uksw.edu.pl\/pl\/wp-json\/wp\/v2\/pages\/22920","targetHints":{"allow":["GET"]}}],"collection":[{"href":"https:\/\/jakosc.uksw.edu.pl\/pl\/wp-json\/wp\/v2\/pages"}],"about":[{"href":"https:\/\/jakosc.uksw.edu.pl\/pl\/wp-json\/wp\/v2\/types\/page"}],"author":[{"embeddable":true,"href":"https:\/\/jakosc.uksw.edu.pl\/pl\/wp-json\/wp\/v2\/users\/630"}],"replies":[{"embeddable":true,"href":"https:\/\/jakosc.uksw.edu.pl\/pl\/wp-json\/wp\/v2\/comments?post=22920"}],"version-history":[{"count":5,"href":"https:\/\/jakosc.uksw.edu.pl\/pl\/wp-json\/wp\/v2\/pages\/22920\/revisions"}],"predecessor-version":[{"id":23038,"href":"https:\/\/jakosc.uksw.edu.pl\/pl\/wp-json\/wp\/v2\/pages\/22920\/revisions\/23038"}],"up":[{"embeddable":true,"href":"https:\/\/jakosc.uksw.edu.pl\/pl\/wp-json\/wp\/v2\/pages\/22711"}],"wp:featuredmedia":[{"embeddable":true,"href":"https:\/\/jakosc.uksw.edu.pl\/pl\/wp-json\/wp\/v2\/media\/22845"}],"wp:attachment":[{"href":"https:\/\/jakosc.uksw.edu.pl\/pl\/wp-json\/wp\/v2\/media?parent=22920"}],"curies":[{"name":"wp","href":"https:\/\/api.w.org\/{rel}","templated":true}]}}