{"id":22852,"date":"2025-10-12T10:16:33","date_gmt":"2025-10-12T08:16:33","guid":{"rendered":"https:\/\/jakosc.uksw.edu.pl\/?page_id=22852"},"modified":"2025-10-17T16:44:24","modified_gmt":"2025-10-17T14:44:24","slug":"20-x-2025-poniedzialek","status":"publish","type":"page","link":"https:\/\/jakosc.uksw.edu.pl\/tydzien-jakosci-ksztalcenia-2025\/20-x-2025-poniedzialek\/","title":{"rendered":""},"content":{"rendered":"<figure class=\"wp-block-post-featured-image\"><img loading=\"lazy\" decoding=\"async\" width=\"1920\" height=\"1080\" src=\"https:\/\/jakosc.uksw.edu.pl\/wp-content\/uploads\/sites\/61\/2025\/10\/tydzien-1920-x-1080-px-1.png\" class=\"attachment-post-thumbnail size-post-thumbnail wp-post-image\" alt=\"\" style=\"object-fit:cover;\" srcset=\"https:\/\/jakosc.uksw.edu.pl\/wp-content\/uploads\/sites\/61\/2025\/10\/tydzien-1920-x-1080-px-1.png 1920w, https:\/\/jakosc.uksw.edu.pl\/wp-content\/uploads\/sites\/61\/2025\/10\/tydzien-1920-x-1080-px-1-300x169.png 300w, https:\/\/jakosc.uksw.edu.pl\/wp-content\/uploads\/sites\/61\/2025\/10\/tydzien-1920-x-1080-px-1-1024x576.png 1024w, https:\/\/jakosc.uksw.edu.pl\/wp-content\/uploads\/sites\/61\/2025\/10\/tydzien-1920-x-1080-px-1-768x432.png 768w, https:\/\/jakosc.uksw.edu.pl\/wp-content\/uploads\/sites\/61\/2025\/10\/tydzien-1920-x-1080-px-1-1536x864.png 1536w\" sizes=\"auto, (max-width: 1920px) 100vw, 1920px\" \/><\/figure>\n\n\n<h2 class=\"wp-block-heading\"><strong>Uroczyste rozpocz\u0119cie Tygodnia Jako\u015bci Kszta\u0142cenia<br>przez Jego Magnificencj\u0119 ks. prof. dr hab. Ryszarda Czekalskiego oraz Prorektor ds. studenckich i kszta\u0142cenia dr hab. prof. ucz. Ann\u0119 Fidelus<\/strong><\/h2>\n\n\n\n<hr class=\"wp-block-separator has-alpha-channel-opacity\" \/>\n\n\n\n<h2 class=\"wp-block-heading\"><strong>20 X 2025 &#8211; PONIEDZIA\u0141EK<\/strong><\/h2>\n\n\n\n<p><\/p>\n\n\n\n<h2 class=\"wp-block-heading\">Szkolenia stacjonarne: 10:00 &#8211; 15:45 (bud. 23, sala 201)<\/h2>\n\n\n\n<h2 class=\"wp-block-heading\">Szkolenia online: 16:15-18:30 (MsTeams &#8211; kod: zh4407s)<\/h2>\n\n\n\n<p><\/p>\n\n\n\n<hr class=\"wp-block-separator has-alpha-channel-opacity\" \/>\n\n\n\n<div class=\"wp-block-group\"><div class=\"wp-block-group__inner-container\">\n<h2 class=\"wp-block-heading\"><strong>10:00 &#8211; 12:00<\/strong><\/h2>\n\n\n\n<h4 class=\"wp-block-heading\"><strong>Seminarium dyskusyjne \u2014 <em>AI w nauce i dydaktyce: szansa czy zagro\u017cenie? <\/em><\/strong><\/h4>\n\n\n\n<p>\u2013 prof.&nbsp;ucz. dr&nbsp;hab. Anna Fidelus, ks. prof. ucz. dr hab. Maciej Ba\u0142a, prof. ucz. dr hab. Agnieszka Szyma\u0144ska, dr Piotr \u0141uczuk<\/p>\n\n\n\n<details class=\"wp-block-details is-layout-flow wp-block-details-is-layout-flow\"><summary><strong>Wi\u0119cej informacji<\/strong><\/summary>\n<p>Seminarium otwieraj\u0105ce po\u015bwi\u0119cone roli AI w nauce i dydaktyce, jej granicom etycznym oraz wyzwaniom regulacyjnym. W rozmowie wezm\u0105 udzia\u0142 przedstawiciele r\u00f3\u017cnych dyscyplin (etyka, pedagogika, informatyka, psychologia, medioznawstwo) oraz Samorz\u0105d Student\u00f3w, poruszaj\u0105c m.in. kwestie odpowiedzialno\u015bci tw\u00f3rc\u00f3w i u\u017cytkownik\u00f3w, bezpiecze\u0144stwa danych, wp\u0142ywu AI na relacje akademickie i dezinformacj\u0119<\/p>\n<\/details>\n<\/div><\/div>\n\n\n\n<hr class=\"wp-block-separator has-alpha-channel-opacity\" \/>\n\n\n\n<h2 class=\"wp-block-heading\"><strong>12:15 &#8211; 13:15<\/strong><\/h2>\n\n\n\n<h4 class=\"wp-block-heading\"><strong><em>Socjologia wychowania i inne koncepcje dydaktyczne a wsp\u00f3\u0142czesne podej\u015bcie do studenta \u2013 jak budowa\u0107 skuteczny kontakt akademicki<\/em>? <\/strong><\/h4>\n\n\n\n<p>\u2014 dr Marcin Choczy\u0144ski<\/p>\n\n\n\n<details class=\"wp-block-details is-layout-flow wp-block-details-is-layout-flow\"><summary><strong>Wi\u0119cej informacji <\/strong><\/summary>\n<p>Warsztat o tym, jak wiedza z metodyki dydaktycznej&nbsp;mo\u017ce poprawi\u0107 relacje nauczyciel\u2013student.<\/p>\n<\/details>\n\n\n\n<hr class=\"wp-block-separator has-alpha-channel-opacity\" \/>\n\n\n\n<h2 class=\"wp-block-heading\"><strong>13:30 &#8211; 14:30<\/strong><\/h2>\n\n\n\n<h4 class=\"wp-block-heading\"><em><strong>Styl, retoryka i si\u0142a s\u0142owa: jak m\u00f3wi\u0107 i pisa\u0107, by by\u0107 s\u0142uchanym i czytanym? <\/strong><\/em><\/h4>\n\n\n\n<p>\u2014 prof. dr hab. Krzysztof Koehler<\/p>\n\n\n\n<details class=\"wp-block-details is-layout-flow wp-block-details-is-layout-flow\"><summary><strong>Wi\u0119cej informacji<\/strong><\/summary>\n<p>Warsztaty skierowane s\u0105 do wszystkich, kt\u00f3rzy chc\u0105 \u015bwiadomie i skutecznie pos\u0142ugiwa\u0107 si\u0119 j\u0119zykiem w przestrzeni publicznej, edukacyjnej i medialnej. W czasie prelekcji zostan\u0105 poruszone kwestie dotycz\u0105ce wyg\u0142aszania wypowiedzi ustnych i pisemnych w formie akademickiej, doskonalenia kultury j\u0119zyka w wyst\u0105pieniach ustnych i tekstach pisanych, \u0107wiczenia \u015bwiadomego u\u017cycia \u015brodk\u00f3w j\u0119zykowych dla cel\u00f3w informacyjnych, perswazyjnych i artystycznych. Pojawi\u0105 si\u0119 tematy takie jak: s\u0142owo m\u00f3wione vs. s\u0142owo pisane. Jak m\u00f3wi\u0107, by brzmie\u0107 naturalnie, ale precyzyjnie? Figury retoryczne i ich zastosowanie. Kultura j\u0119zyka a wiarygodno\u015b\u0107 wypowiedzi &#8211; j\u0119zyk jako wizyt\u00f3wka intelektu i kompetencji. Czego unika\u0107? Jak m\u00f3wi\u0107, by nas s\u0142uchano? Konieczno\u015b\u0107 pracy nad stylem w\u0142asnych wypowiedzi.<\/p>\n<\/details>\n\n\n\n<hr class=\"wp-block-separator has-alpha-channel-opacity\" \/>\n\n\n\n<h2 class=\"wp-block-heading\"><strong>14:45 &#8211; 15:45<\/strong><\/h2>\n\n\n\n<h4 class=\"wp-block-heading\"><em><strong>Misje i Uniwersytet. Czy da si\u0119 to po\u0142\u0105czy\u0107? Czego nie nauczysz si\u0119 z podr\u0119cznika<\/strong><\/em><\/h4>\n\n\n\n<p>\u2014 ks. prof. dr hab. Jaros\u0142aw R\u00f3\u017ca\u0144ski<\/p>\n\n\n\n<details class=\"wp-block-details is-layout-flow wp-block-details-is-layout-flow\"><summary><strong>Wi\u0119cej informacji <\/strong><\/summary>\n<p>Misje to nie tylko odleg\u0142e kontynenty i egotyczne klimaty, ale te\u017c intensywna szko\u0142a \u017cycia. Na wyk\u0142adzie zostan\u0105 poruszone takie zagadnienia jak: czego uczysz si\u0119, kiedy mieszkasz w afryka\u0144skiej wiosce. Jak dogada\u0107 si\u0119 z kim\u015b, kto nie zna Twojego j\u0119zyka. Jak wygl\u0105da praca w mi\u0119dzykulturowym \u015bwiecie i jak te do\u015bwiadczenia przek\u0142adaj\u0105 si\u0119 na lepsze uczenie si\u0119, komunikacj\u0119 i relacje na uczelni. Jak radzi\u0107 sobie w \u015bwiecie, w kt\u00f3rym wszystko jest inne. Dlaczego warto rozwija\u0107 kompetencje mi\u0119dzykulturowe, nawet je\u015bli nie planujesz wyjazdu. Jak odnale\u017a\u0107 si\u0119 w \u015bwiecie, gdzie nasze zasady nie dzia\u0142aj\u0105. &nbsp;Us\u0142yszysz historie z \u017cycia misjonarza czy informacje o zaskakuj\u0105cych afryka\u0144skich j\u0119zykach i innych sposobach my\u015blenia, innym podej\u015bciu do j\u0119zyka przez pryzmat misji i spotka\u0144 z ludami, kt\u00f3rzy my\u015bl\u0105 zupe\u0142nie inaczej ni\u017c Europejczycy. Poruszone zostanie zagadnienie udzia\u0142u misji chrze\u015bcija\u0144skich w tworzeniu wsp\u00f3\u0142czesnego szkolnictwa afryka\u0144skiego \u2013 po uniwersytety w\u0142\u0105cznie. Dowiesz si\u0119 &nbsp;jak budowa\u0107 porozumienie mimo r\u00f3\u017cnic w komunikacji.<\/p>\n<\/details>\n\n\n\n<hr class=\"wp-block-separator has-alpha-channel-opacity\" \/>\n\n\n\n<h2 class=\"wp-block-heading\"><strong>16:15 &#8211; 17:15 (online)<\/strong><\/h2>\n\n\n\n<p><\/p>\n\n\n\n<h4 class=\"wp-block-heading\"><em><strong>Finansowanie bada\u0144 naukowych w ramach dzia\u0142a\u0144 Biura Bada\u0144 Naukowych i Ewaluacji \u2013 porady praktyczne<\/strong><\/em><\/h4>\n\n\n\n<p>\u2014 mgr Jaros\u0142aw Rokita<\/p>\n\n\n\n<details class=\"wp-block-details is-layout-flow wp-block-details-is-layout-flow\"><summary><strong>Wi\u0119cej informacji<\/strong><\/summary>\n<p>Podczas wyst\u0105pienia zostan\u0105 om\u00f3wione \u017ar\u00f3d\u0142a finansowania projekt\u00f3w badawczych: zasady aplikowania o \u015brodki na badania finansowane ze \u015brodk\u00f3w uczelni jak i \u017ar\u00f3de\u0142 zewn\u0119trznych, zasady i tryb naboru wniosk\u00f3w wewn\u0119trznych oraz zasady aplikowania o finansowanie zewn\u0119trzne. Us\u0142yszymy tak\u017ce o wymaganiach jakie s\u0105 potrzebne w zakresie obs\u0142ugi projekt\u00f3w badawczych, organizacji wyjazd\u00f3w s\u0142u\u017cbowych i zamawiania us\u0142ug i zakup materia\u0142\u00f3w oraz aparatury. <\/p>\n<\/details>\n\n\n\n<hr class=\"wp-block-separator has-alpha-channel-opacity\" \/>\n\n\n\n<h2 class=\"wp-block-heading\"><strong>17:30 &#8211; 18:30 (online)<\/strong><\/h2>\n\n\n\n<h4 class=\"wp-block-heading\"><em><strong>Techniki krytyki retorycznej w pracy akademickiej<\/strong><\/em><\/h4>\n\n\n\n<p>\u2014 prof. ucz. dr hab. Dorota Muszytowska<\/p>\n\n\n\n<details class=\"wp-block-details is-layout-flow wp-block-details-is-layout-flow\"><summary><strong>Wi\u0119cej informacji<\/strong><\/summary>\n<p>Chcesz by\u0107 skuteczny w dowodzeniu i przekonywaniu? Rozpoznaj najpierw w\u0142a\u015bciwie stan sprawy! Czyli jak w pracy akademickiej wykorzysta\u0107 teori\u0119 Hermogenesa do krytyki i argumentacji?<\/p>\n<\/details>\n\n\n\n<p><\/p>\n","protected":false},"excerpt":{"rendered":"<p>Uroczyste rozpocz\u0119cie Tygodnia Jako\u015bci Kszta\u0142ceniaprzez Jego Magnificencj\u0119 ks. prof. dr hab. Ryszarda Czekalskiego oraz Prorektor ds. studenckich i kszta\u0142cenia dr hab. prof. ucz. Ann\u0119 Fidelus 20 X 2025 &#8211; PONIEDZIA\u0141EK Szkolenia stacjonarne: 10:00 &#8211; 15:45 (bud. 23, sala 201) Szkolenia online: 16:15-18:30 (MsTeams &#8211; kod: zh4407s) 10:00 &#8211; 12:00 Seminarium dyskusyjne \u2014 AI w nauce [&hellip;]<\/p>\n","protected":false},"author":630,"featured_media":22845,"parent":22711,"menu_order":0,"comment_status":"closed","ping_status":"closed","template":"","meta":{"_acf_changed":false,"inline_featured_image":false,"footnotes":"","_links_to":"","_links_to_target":""},"class_list":["post-22852","page","type-page","status-publish","has-post-thumbnail","hentry"],"acf":[],"_links":{"self":[{"href":"https:\/\/jakosc.uksw.edu.pl\/pl\/wp-json\/wp\/v2\/pages\/22852","targetHints":{"allow":["GET"]}}],"collection":[{"href":"https:\/\/jakosc.uksw.edu.pl\/pl\/wp-json\/wp\/v2\/pages"}],"about":[{"href":"https:\/\/jakosc.uksw.edu.pl\/pl\/wp-json\/wp\/v2\/types\/page"}],"author":[{"embeddable":true,"href":"https:\/\/jakosc.uksw.edu.pl\/pl\/wp-json\/wp\/v2\/users\/630"}],"replies":[{"embeddable":true,"href":"https:\/\/jakosc.uksw.edu.pl\/pl\/wp-json\/wp\/v2\/comments?post=22852"}],"version-history":[{"count":36,"href":"https:\/\/jakosc.uksw.edu.pl\/pl\/wp-json\/wp\/v2\/pages\/22852\/revisions"}],"predecessor-version":[{"id":23035,"href":"https:\/\/jakosc.uksw.edu.pl\/pl\/wp-json\/wp\/v2\/pages\/22852\/revisions\/23035"}],"up":[{"embeddable":true,"href":"https:\/\/jakosc.uksw.edu.pl\/pl\/wp-json\/wp\/v2\/pages\/22711"}],"wp:featuredmedia":[{"embeddable":true,"href":"https:\/\/jakosc.uksw.edu.pl\/pl\/wp-json\/wp\/v2\/media\/22845"}],"wp:attachment":[{"href":"https:\/\/jakosc.uksw.edu.pl\/pl\/wp-json\/wp\/v2\/media?parent=22852"}],"curies":[{"name":"wp","href":"https:\/\/api.w.org\/{rel}","templated":true}]}}