{"id":22777,"date":"2025-03-18T13:21:31","date_gmt":"2025-03-18T12:21:31","guid":{"rendered":"https:\/\/jednostki.uksw.edu.pl\/jakosc\/?page_id=22777"},"modified":"2026-02-11T08:54:46","modified_gmt":"2026-02-11T07:54:46","slug":"innowacje-dydaktyczne","status":"publish","type":"page","link":"https:\/\/jakosc.uksw.edu.pl\/innowacje-dydaktyczne\/","title":{"rendered":"Innowacje dydaktyczne"},"content":{"rendered":"\n<h2 class=\"wp-block-heading\">Strona jest aktualnie w przebudowie. Wkr\u00f3tce nast\u0105pi uzupe\u0142nienie. <\/h2>\n\n\n\n<p><\/p>\n","protected":false},"excerpt":{"rendered":"<p>Strona jest aktualnie w przebudowie. Wkr\u00f3tce nast\u0105pi uzupe\u0142nienie.<\/p>\n","protected":false},"author":630,"featured_media":0,"parent":0,"menu_order":0,"comment_status":"closed","ping_status":"closed","template":"page-templates\/template-sub-page.php","meta":{"_acf_changed":false,"inline_featured_image":false,"footnotes":"","_links_to":"","_links_to_target":""},"class_list":["post-22777","page","type-page","status-publish","hentry"],"acf":[],"_links":{"self":[{"href":"https:\/\/jakosc.uksw.edu.pl\/pl\/wp-json\/wp\/v2\/pages\/22777","targetHints":{"allow":["GET"]}}],"collection":[{"href":"https:\/\/jakosc.uksw.edu.pl\/pl\/wp-json\/wp\/v2\/pages"}],"about":[{"href":"https:\/\/jakosc.uksw.edu.pl\/pl\/wp-json\/wp\/v2\/types\/page"}],"author":[{"embeddable":true,"href":"https:\/\/jakosc.uksw.edu.pl\/pl\/wp-json\/wp\/v2\/users\/630"}],"replies":[{"embeddable":true,"href":"https:\/\/jakosc.uksw.edu.pl\/pl\/wp-json\/wp\/v2\/comments?post=22777"}],"version-history":[{"count":2,"href":"https:\/\/jakosc.uksw.edu.pl\/pl\/wp-json\/wp\/v2\/pages\/22777\/revisions"}],"predecessor-version":[{"id":23028,"href":"https:\/\/jakosc.uksw.edu.pl\/pl\/wp-json\/wp\/v2\/pages\/22777\/revisions\/23028"}],"wp:attachment":[{"href":"https:\/\/jakosc.uksw.edu.pl\/pl\/wp-json\/wp\/v2\/media?parent=22777"}],"curies":[{"name":"wp","href":"https:\/\/api.w.org\/{rel}","templated":true}]}}