{"id":22773,"date":"2025-03-18T13:20:44","date_gmt":"2025-03-18T12:20:44","guid":{"rendered":"https:\/\/jednostki.uksw.edu.pl\/jakosc\/?page_id=22773"},"modified":"2026-02-11T08:53:33","modified_gmt":"2026-02-11T07:53:33","slug":"uniwersytet-4d","status":"publish","type":"page","link":"https:\/\/jakosc.uksw.edu.pl\/uniwersytet-4d\/","title":{"rendered":"Projekt Uniwersytet 4D"},"content":{"rendered":"\n<figure class=\"wp-block-image size-full\"><img loading=\"lazy\" decoding=\"async\" width=\"638\" height=\"92\" src=\"https:\/\/jakosc.uksw.edu.pl\/wp-content\/uploads\/sites\/61\/2025\/11\/Bez-tytulu-1.png\" alt=\"\" class=\"wp-image-23077\" srcset=\"https:\/\/jakosc.uksw.edu.pl\/wp-content\/uploads\/sites\/61\/2025\/11\/Bez-tytulu-1.png 638w, https:\/\/jakosc.uksw.edu.pl\/wp-content\/uploads\/sites\/61\/2025\/11\/Bez-tytulu-1-300x43.png 300w\" sizes=\"auto, (max-width: 638px) 100vw, 638px\" \/><\/figure>\n\n\n\n<p><\/p>\n\n\n\n<h2 class=\"wp-block-heading\"><strong>Projekt Uniwersytet 4D: Dydaktyka &#8211; Digitalizacja &#8211; Dost\u0119pno\u015b\u0107 \u2013 Dba\u0142o\u015b\u0107 o \u015brodowisko &#8211; FERS Doskona\u0142o\u015b\u0107 Dydaktyczna<\/strong><\/h2>\n\n\n\r\n<div class=\"\">\r\n\r\n<div class=\"page_heading\"> <img decoding=\"async\" src=\"https:\/\/jakosc.uksw.edu.pl\/wp-content\/themes\/uksw\/images\/note-2_white.svg\" alt=\"\"> Wybierz interesuj\u0105cy Ci\u0119 dzia\u0142:<\/div>\r\n<div class=\"candidate_box_sec\">\r\n<div class=\"row\">\r\n\r\n        \r\n                               \r\n                            <div class=\"col-xl-6 col-lg-6 col-md-12 col-sm-12 \">\r\n                                <a href=\"https:\/\/jakosc.uksw.edu.pl\/?page_id=23098\"  class=\"project\" >\r\n                                    <div class=\"candidate_box project_box\">\r\n                                        <div class=\"candidate_box_title\">Informacje o projekcie Uniwersytet 4D<\/div>\r\n                                                                                <div class=\"candidate_box_sub_title\"><\/div>\r\n                                                                                <img decoding=\"async\" src=\"https:\/\/jakosc.uksw.edu.pl\/wp-content\/themes\/uksw\/images\/arrow_more1.svg\" alt=\"\">  \r\n                                    <\/div>\r\n                                <\/a>   \r\n                            <\/div>\r\n                     \r\n\r\n                         \r\n                            \r\n                            <div class=\"col-xl-6 col-lg-6 col-md-12 col-sm-12 \">\r\n                                <a href=\"https:\/\/jakosc.uksw.edu.pl\/?page_id=23101\"  class=\"project\" >\r\n                                    <div class=\"candidate_box project_box\">\r\n                                        <div class=\"candidate_box_title\">Oferta szkole\u0144 &#8211; Uniwersytet 4D<\/div>\r\n                                                                                <div class=\"candidate_box_sub_title\"><\/div>\r\n                                                                                <img decoding=\"async\" src=\"https:\/\/jakosc.uksw.edu.pl\/wp-content\/themes\/uksw\/images\/arrow_more1.svg\" alt=\"\">  \r\n                                    <\/div>\r\n                                <\/a>   \r\n                            <\/div>\r\n                     \r\n\r\n                         \r\n                            <\/div>\r\n<\/div>\r\n\r\n<\/div>\n\n\n<div class=\"wp-block-columns\"><\/div>\n","protected":false},"excerpt":{"rendered":"<p>Projekt Uniwersytet 4D: Dydaktyka &#8211; Digitalizacja &#8211; Dost\u0119pno\u015b\u0107 \u2013 Dba\u0142o\u015b\u0107 o \u015brodowisko &#8211; FERS Doskona\u0142o\u015b\u0107 Dydaktyczna<\/p>\n","protected":false},"author":630,"featured_media":0,"parent":0,"menu_order":0,"comment_status":"closed","ping_status":"closed","template":"page-templates\/template-sub-page.php","meta":{"_acf_changed":false,"inline_featured_image":false,"footnotes":"","_links_to":"","_links_to_target":""},"class_list":["post-22773","page","type-page","status-publish","hentry"],"acf":[],"_links":{"self":[{"href":"https:\/\/jakosc.uksw.edu.pl\/pl\/wp-json\/wp\/v2\/pages\/22773","targetHints":{"allow":["GET"]}}],"collection":[{"href":"https:\/\/jakosc.uksw.edu.pl\/pl\/wp-json\/wp\/v2\/pages"}],"about":[{"href":"https:\/\/jakosc.uksw.edu.pl\/pl\/wp-json\/wp\/v2\/types\/page"}],"author":[{"embeddable":true,"href":"https:\/\/jakosc.uksw.edu.pl\/pl\/wp-json\/wp\/v2\/users\/630"}],"replies":[{"embeddable":true,"href":"https:\/\/jakosc.uksw.edu.pl\/pl\/wp-json\/wp\/v2\/comments?post=22773"}],"version-history":[{"count":29,"href":"https:\/\/jakosc.uksw.edu.pl\/pl\/wp-json\/wp\/v2\/pages\/22773\/revisions"}],"predecessor-version":[{"id":23125,"href":"https:\/\/jakosc.uksw.edu.pl\/pl\/wp-json\/wp\/v2\/pages\/22773\/revisions\/23125"}],"wp:attachment":[{"href":"https:\/\/jakosc.uksw.edu.pl\/pl\/wp-json\/wp\/v2\/media?parent=22773"}],"curies":[{"name":"wp","href":"https:\/\/api.w.org\/{rel}","templated":true}]}}