{"id":22757,"date":"2025-03-18T11:11:36","date_gmt":"2025-03-18T10:11:36","guid":{"rendered":"https:\/\/jednostki.uksw.edu.pl\/jakosc\/?page_id=22757"},"modified":"2026-02-11T08:52:26","modified_gmt":"2026-02-11T07:52:26","slug":"drop-out","status":"publish","type":"page","link":"https:\/\/jakosc.uksw.edu.pl\/drop-out\/","title":{"rendered":"Badanie dot. porzucania studi\u00f3w &#8222;drop-out&#8221;"},"content":{"rendered":"\n<h2 class=\"wp-block-heading\"><\/h2>\n\n\n\n<figure class=\"wp-block-image size-large\"><img loading=\"lazy\" decoding=\"async\" width=\"1024\" height=\"238\" src=\"https:\/\/jakosc.uksw.edu.pl\/wp-content\/uploads\/sites\/61\/2024\/09\/cropped-UKSW_logo_granatowy-1024x238.png\" alt=\"\" class=\"wp-image-22650\" srcset=\"https:\/\/jakosc.uksw.edu.pl\/wp-content\/uploads\/sites\/61\/2024\/09\/cropped-UKSW_logo_granatowy-1024x238.png 1024w, https:\/\/jakosc.uksw.edu.pl\/wp-content\/uploads\/sites\/61\/2024\/09\/cropped-UKSW_logo_granatowy-300x70.png 300w, https:\/\/jakosc.uksw.edu.pl\/wp-content\/uploads\/sites\/61\/2024\/09\/cropped-UKSW_logo_granatowy-768x178.png 768w, https:\/\/jakosc.uksw.edu.pl\/wp-content\/uploads\/sites\/61\/2024\/09\/cropped-UKSW_logo_granatowy-1536x356.png 1536w, https:\/\/jakosc.uksw.edu.pl\/wp-content\/uploads\/sites\/61\/2024\/09\/cropped-UKSW_logo_granatowy.png 1884w\" sizes=\"auto, (max-width: 1024px) 100vw, 1024px\" \/><\/figure>\n\n\n\n<div class=\"wp-block-buttons is-layout-flex wp-block-buttons-is-layout-flex\">\n<div class=\"wp-block-button is-style-outline is-style-outline--1\"><a class=\"wp-block-button__link wp-element-button\" href=\"https:\/\/jakosc.uksw.edu.pl\/wp-content\/uploads\/sites\/61\/2026\/01\/Raport-analiz-i-diagnoz-zjawiska-drop-out-na-Uniwersytecie-Kardynala-Stefana-Wyszynskiego-w-Warszawie.pdf\"><strong>RAPORT Z ANALIZ I DIAGNOZ ZJAWISKA DROP OUT W\u015aR\u00d3D STUDENT\u00d3W UKSW  &#8211; 2025<\/strong><\/a><\/div>\n<\/div>\n\n\n\n<p><\/p>\n\n\n\n<hr class=\"wp-block-separator has-alpha-channel-opacity\" \/>\n\n\n\n<p><\/p>\n","protected":false},"excerpt":{"rendered":"","protected":false},"author":630,"featured_media":0,"parent":0,"menu_order":0,"comment_status":"closed","ping_status":"closed","template":"page-templates\/template-sub-page.php","meta":{"_acf_changed":false,"inline_featured_image":false,"footnotes":"","_links_to":"","_links_to_target":""},"class_list":["post-22757","page","type-page","status-publish","hentry"],"acf":[],"_links":{"self":[{"href":"https:\/\/jakosc.uksw.edu.pl\/pl\/wp-json\/wp\/v2\/pages\/22757","targetHints":{"allow":["GET"]}}],"collection":[{"href":"https:\/\/jakosc.uksw.edu.pl\/pl\/wp-json\/wp\/v2\/pages"}],"about":[{"href":"https:\/\/jakosc.uksw.edu.pl\/pl\/wp-json\/wp\/v2\/types\/page"}],"author":[{"embeddable":true,"href":"https:\/\/jakosc.uksw.edu.pl\/pl\/wp-json\/wp\/v2\/users\/630"}],"replies":[{"embeddable":true,"href":"https:\/\/jakosc.uksw.edu.pl\/pl\/wp-json\/wp\/v2\/comments?post=22757"}],"version-history":[{"count":6,"href":"https:\/\/jakosc.uksw.edu.pl\/pl\/wp-json\/wp\/v2\/pages\/22757\/revisions"}],"predecessor-version":[{"id":23361,"href":"https:\/\/jakosc.uksw.edu.pl\/pl\/wp-json\/wp\/v2\/pages\/22757\/revisions\/23361"}],"wp:attachment":[{"href":"https:\/\/jakosc.uksw.edu.pl\/pl\/wp-json\/wp\/v2\/media?parent=22757"}],"curies":[{"name":"wp","href":"https:\/\/api.w.org\/{rel}","templated":true}]}}