{"id":22722,"date":"2025-03-18T10:52:58","date_gmt":"2025-03-18T09:52:58","guid":{"rendered":"https:\/\/jednostki.uksw.edu.pl\/jakosc\/?page_id=22722"},"modified":"2026-02-11T08:57:48","modified_gmt":"2026-02-11T07:57:48","slug":"akty-prawne","status":"publish","type":"page","link":"https:\/\/jakosc.uksw.edu.pl\/akty-prawne\/","title":{"rendered":"Akty prawne dotycz\u0105ce jako\u015bci kszta\u0142cenia"},"content":{"rendered":"\n<div class=\"wp-block-buttons is-layout-flex wp-block-buttons-is-layout-flex\">\n<div class=\"wp-block-button is-style-outline is-style-outline--1\"><a class=\"wp-block-button__link wp-element-button\" href=\"http:\/\/Obwieszczenie Nr 5\/2025 Rektora Uniwersytetu Kardyna\u0142a Stefana Wyszy\u0144skiego w Warszawie z dnia 4 kwietnia 2025 r. w sprawie og\u0142oszenia tekstu jednolitego Uchwa\u0142y Nr 127\/2019 Senatu Uniwersytetu Kardyna\u0142a Stefana Wyszy\u0144skiego w Warszawie z dnia 27 czerwca 2019 r. w sprawie uchwalenia Statutu Uniwersytetu Kardyna\u0142a Stefana Wyszy\u0144skiego w Warszawie\"><strong>STATUT UKSW<\/strong><\/a><\/div>\n<\/div>\n\n\n\n<details class=\"wp-block-details is-layout-flow wp-block-details-is-layout-flow\"><summary><a href=\"https:\/\/monitor.uksw.edu.pl\/docs\/download\/2ea4b26d660915660958f23d15ec642e\">Obwieszczenie Nr 5\/2025 Rektora Uniwersytetu Kardyna\u0142a Stefana Wyszy\u0144skiego w Warszawie z dnia 4 kwietnia 2025 r. w sprawie og\u0142oszenia tekstu jednolitego Uchwa\u0142y Nr 127\/2019 Senatu Uniwersytetu Kardyna\u0142a Stefana Wyszy\u0144skiego w Warszawie z dnia 27 czerwca 2019 r. w sprawie uchwalenia Statutu Uniwersytetu Kardyna\u0142a Stefana Wyszy\u0144skiego w Warszawie<\/a><\/summary>\n<p><\/p>\n<\/details>\n\n\n\n<h2 class=\"wp-block-heading\"><\/h2>\n\n\n\n<div class=\"wp-block-buttons is-layout-flex wp-block-buttons-is-layout-flex\">\n<div class=\"wp-block-button is-style-outline is-style-outline--2\"><a class=\"wp-block-button__link wp-element-button\" href=\"https:\/\/monitor.uksw.edu.pl\/docs\/6485\"><strong>STRATEGIA UCZELNI<\/strong><\/a><\/div>\n<\/div>\n\n\n\n<p><a href=\"https:\/\/monitor.uksw.edu.pl\/docs\/download\/78ea3e3829b78e6e9491c40f55abd807\">Uchwa\u0142a Nr 45\/2022 Senatu Uniwersytetu Kardyna\u0142a Stefana Wyszy\u0144skiego w Warszawie z dnia 19 maja 2022 r. w sprawie Strategii Rozwoju Uniwersytetu Kardyna\u0142a Stefana Wyszy\u0144skiego w Warszawie 2022 \u2013 2025<\/a><\/p>\n\n\n\n<h2 class=\"wp-block-heading\"><\/h2>\n\n\n\n<div class=\"wp-block-buttons is-layout-flex wp-block-buttons-is-layout-flex\">\n<div class=\"wp-block-button is-style-outline is-style-outline--3\"><a class=\"wp-block-button__link has-text-align-center wp-element-button\" href=\"https:\/\/monitor.uksw.edu.pl\/docs\/6546\"><strong>WEWN\u0118TRZNY SYSTEM ZAPEWNIANIA JAKO\u015aCI KSZTA\u0141CENIA<\/strong><\/a><\/div>\n<\/div>\n\n\n\n<h2 class=\"wp-block-heading\"><\/h2>\n\n\n\n<div class=\"wp-block-buttons is-layout-flex wp-block-buttons-is-layout-flex\">\n<div class=\"wp-block-button is-style-outline is-style-outline--4\"><a class=\"wp-block-button__link wp-element-button\"><strong>KSI\u0118GA PROCEDUR JAKO\u015aCI KSZTA\u0141CENIA <\/strong><\/a><\/div>\n<\/div>\n\n\n\n<details class=\"wp-block-details is-layout-flow wp-block-details-is-layout-flow\"><summary><a href=\"https:\/\/monitor.uksw.edu.pl\/docs\/download\/8bd580bc494a903fd7035c593c85a49e\">Zarz\u0105dzenie Nr 54\/2022 Rektora Uniwersytetu Kardyna\u0142a Stefana Wyszy\u0144skiego w Warszawie z dnia 29 czerwca 2022 r. w sprawie Wewn\u0119trznego Systemu Zapewniania Jako\u015bci Kszta\u0142cenia i jego doskonalenia na Uniwersytecie Kardyna\u0142a Stefana Wyszy\u0144skiego w Warszawie<\/a><br><br><a href=\"https:\/\/monitor.uksw.edu.pl\/docs\/download\/9c40980984b43e1b03172c883d0ab767\">Mapa proces\u00f3w<\/a><br><a href=\"http:\/\/zal_Nr_2_Procedura_1_zatwierdzania nowego programu.docx\">Procedura projektowania nowego programu studi\u00f3w<\/a><br><a href=\"http:\/\/zal_Nr_2_Procedura_2_wprowadzania zmian w programie.pdf\">Procedura wprowadzania zmian w programie dla studi\u00f3w na okre\u015blonym kierunku, poziomie, profilu i okre\u015blonej formie kszta\u0142cenia<\/a><br><a href=\"http:\/\/zal_Nr_2_Procedura_3_opracowanie karty przedmiotu.pdf\">Procedura opracowania karty opisu przedmiotu (sylabusa)<\/a><br><a href=\"http:\/\/zal_Nr_2_Procedura_4_przedmioty ko\u0144cz\u0105cy si\u0119 egzaminem.pdf\">Procedura wymaga\u0144 dotycz\u0105cych przedmiot\u00f3w ko\u0144cz\u0105cych si\u0119 egzaminem<\/a><br><a href=\"http:\/\/zal_Nr_2_Procedura_5_zaliczenia \u0107wicze\u0144.pdf\">Procedura wymaga\u0144 dotycz\u0105cych zaliczenia \u0107wicze\u0144 z przedmiot\u00f3w ko\u0144cz\u0105cych si\u0119 egzaminem<\/a><br><a href=\"http:\/\/zal_Nr_2_Procedura_6_zapobieganie zjawiskom patologicznym.pdf\">Procedura zapobiegania zjawiskom patologicznym\/niepo\u017c\u0105danym zwi\u0105zanym z procesem kszta\u0142cenia<\/a><br><a href=\"http:\/\/zal_Nr_2_Procedura_7_dost\u0119pno\u015b\u0107 efekt\u00f3w.pdf\">Procedura zapewniaj\u0105ca publiczn\u0105 dost\u0119pno\u015b\u0107 opisu efekt\u00f3w uczenia si\u0119, sposobu ich weryfikacji<\/a><br><a href=\"http:\/\/zal_Nr_2_Procedura_8_archiwizacja prac.pdf\">Procedura archiwizacji prac studenta<\/a><br><a href=\"http:\/\/zal_Nr_2_Procedura_9_efekty_praktyki.pdf\">Procedura zapewniania efekt\u00f3w uczenia si\u0119 realizowanych podczas praktyk studenckich<\/a><br><a href=\"http:\/\/zal_Nr_2_Procedura_10_dyplom_licencjat.pdf\">Procedura dyplomowania \u2013 licencjat i in\u017cynier (studia I stopnia)<\/a><br><a href=\"http:\/\/zal_Nr_2_Procedura_11_dyplom_magister.pdf\">Procedura dyplomowania \u2013 magister (studia II stopnia i jednolite studia magisterskie)<\/a><\/summary>\n<p><\/p>\n<\/details>\n\n\n\n<h2 class=\"wp-block-heading\"><\/h2>\n\n\n\n<div class=\"wp-block-buttons is-layout-flex wp-block-buttons-is-layout-flex\">\n<div class=\"wp-block-button is-style-outline is-style-outline--5\"><a class=\"wp-block-button__link wp-element-button\" href=\"https:\/\/monitor.uksw.edu.pl\/docs\/8259\"><strong>REGULAMIN STUDI\u00d3W<\/strong><\/a><\/div>\n<\/div>\n\n\n\n<details class=\"wp-block-details is-layout-flow wp-block-details-is-layout-flow\"><summary><a href=\"https:\/\/monitor.uksw.edu.pl\/docs\/download\/6a93bf6cb1b4a32e165e1a248cc3b947\">Uchwa\u0142a Nr 51\/2025 Senatu Uniwersytetu Kardyna\u0142a Stefana Wyszy\u0144skiego w Warszawie z dnia 24 kwietnia 2025 r. w sprawie Regulaminu Studi\u00f3w w Uniwersytecie Kardyna\u0142a Stefana Wyszy\u0144skiego w Warszawie<\/a><\/summary>\n<p><\/p>\n<\/details>\n\n\n\n<p><\/p>\n","protected":false},"excerpt":{"rendered":"<p>Uchwa\u0142a Nr 45\/2022 Senatu Uniwersytetu Kardyna\u0142a Stefana Wyszy\u0144skiego w Warszawie z dnia 19 maja 2022 r. w sprawie Strategii Rozwoju Uniwersytetu Kardyna\u0142a Stefana Wyszy\u0144skiego w Warszawie 2022 \u2013 2025<\/p>\n","protected":false},"author":630,"featured_media":0,"parent":0,"menu_order":0,"comment_status":"closed","ping_status":"closed","template":"page-templates\/template-sub-page.php","meta":{"_acf_changed":false,"inline_featured_image":false,"footnotes":"","_links_to":"","_links_to_target":""},"class_list":["post-22722","page","type-page","status-publish","hentry"],"acf":[],"_links":{"self":[{"href":"https:\/\/jakosc.uksw.edu.pl\/pl\/wp-json\/wp\/v2\/pages\/22722","targetHints":{"allow":["GET"]}}],"collection":[{"href":"https:\/\/jakosc.uksw.edu.pl\/pl\/wp-json\/wp\/v2\/pages"}],"about":[{"href":"https:\/\/jakosc.uksw.edu.pl\/pl\/wp-json\/wp\/v2\/types\/page"}],"author":[{"embeddable":true,"href":"https:\/\/jakosc.uksw.edu.pl\/pl\/wp-json\/wp\/v2\/users\/630"}],"replies":[{"embeddable":true,"href":"https:\/\/jakosc.uksw.edu.pl\/pl\/wp-json\/wp\/v2\/comments?post=22722"}],"version-history":[{"count":7,"href":"https:\/\/jakosc.uksw.edu.pl\/pl\/wp-json\/wp\/v2\/pages\/22722\/revisions"}],"predecessor-version":[{"id":23363,"href":"https:\/\/jakosc.uksw.edu.pl\/pl\/wp-json\/wp\/v2\/pages\/22722\/revisions\/23363"}],"wp:attachment":[{"href":"https:\/\/jakosc.uksw.edu.pl\/pl\/wp-json\/wp\/v2\/media?parent=22722"}],"curies":[{"name":"wp","href":"https:\/\/api.w.org\/{rel}","templated":true}]}}