{"id":22711,"date":"2025-03-18T10:40:28","date_gmt":"2025-03-18T09:40:28","guid":{"rendered":"https:\/\/jednostki.uksw.edu.pl\/jakosc\/?page_id=22711"},"modified":"2026-02-11T08:55:23","modified_gmt":"2026-02-11T07:55:23","slug":"tydzien-jakosci-ksztalcenia-2025","status":"publish","type":"page","link":"https:\/\/jakosc.uksw.edu.pl\/tydzien-jakosci-ksztalcenia-2025\/","title":{"rendered":"Tydzie\u0144 Jako\u015bci Kszta\u0142cenia 2025"},"content":{"rendered":"\n<p><\/p>\n\n\n\n<figure class=\"wp-block-image size-large\"><img loading=\"lazy\" decoding=\"async\" width=\"1024\" height=\"576\" src=\"https:\/\/jakosc.uksw.edu.pl\/wp-content\/uploads\/sites\/61\/2025\/10\/tydzien-1920-x-1080-px-1-1024x576.png\" alt=\"\" class=\"wp-image-22845\" srcset=\"https:\/\/jakosc.uksw.edu.pl\/wp-content\/uploads\/sites\/61\/2025\/10\/tydzien-1920-x-1080-px-1-1024x576.png 1024w, https:\/\/jakosc.uksw.edu.pl\/wp-content\/uploads\/sites\/61\/2025\/10\/tydzien-1920-x-1080-px-1-300x169.png 300w, https:\/\/jakosc.uksw.edu.pl\/wp-content\/uploads\/sites\/61\/2025\/10\/tydzien-1920-x-1080-px-1-768x432.png 768w, https:\/\/jakosc.uksw.edu.pl\/wp-content\/uploads\/sites\/61\/2025\/10\/tydzien-1920-x-1080-px-1-1536x864.png 1536w, https:\/\/jakosc.uksw.edu.pl\/wp-content\/uploads\/sites\/61\/2025\/10\/tydzien-1920-x-1080-px-1.png 1920w\" sizes=\"auto, (max-width: 1024px) 100vw, 1024px\" \/><\/figure>\n\n\n\n<h2 class=\"wp-block-heading\"><strong>Uroczyste rozpocz\u0119cie Tygodnia Jako\u015bci Kszta\u0142cenia<br>przez Jego Magnificencj\u0119 ks. prof. dr hab. Ryszarda Czekalskiego oraz Prorektor ds. studenckich i kszta\u0142cenia dr hab. prof. ucz. Ann\u0119 Fidelus <\/strong><br><strong>nast\u0105pi 20 X 2025 r. o godz. 10:00 w sali 201, bud.23<\/strong><\/h2>\n\n\n\n<p><\/p>\n\n\n\n<h2 class=\"wp-block-heading\"><strong><a href=\"https:\/\/jakosc.uksw.edu.pl\/tydzien-jakosci-ksztalcenia-2025\/20-x-2025-poniedzialek\/\">20 X 2025 &#8211; PONIEDZIA\u0141EK<\/a><\/strong><\/h2>\n\n\n\n<p><\/p>\n\n\n\n<h2 class=\"wp-block-heading\"><strong><a href=\"https:\/\/jakosc.uksw.edu.pl\/tydzien-jakosci-ksztalcenia-2025\/21-x-2025-wtorek\/\">21 X 2025 &#8211; WTOREK<\/a><\/strong><\/h2>\n\n\n\n<p><\/p>\n\n\n\n<h2 class=\"wp-block-heading\"><strong><a href=\"https:\/\/jakosc.uksw.edu.pl\/tydzien-jakosci-ksztalcenia-2025\/22-x-2025-sroda\/\">22 X 2025 &#8211; \u015aRODA<\/a><\/strong><\/h2>\n\n\n\n<p><\/p>\n\n\n\n<h2 class=\"wp-block-heading\"><strong><a href=\"https:\/\/jakosc.uksw.edu.pl\/tydzien-jakosci-ksztalcenia-2025\/23-x-2025-czwartek\/\">23 X 2025 &#8211; CZWARTEK<\/a><\/strong><\/h2>\n\n\n\n<p><\/p>\n\n\n\n<h2 class=\"wp-block-heading\"><strong><a href=\"https:\/\/jakosc.uksw.edu.pl\/tydzien-jakosci-ksztalcenia-2025\/24-x-2025-piatek\/\">24 X 2025 &#8211; PI\u0104TEK<\/a><\/strong><\/h2>\n\n\n\n<p><\/p>\n\n\n\n<h2 class=\"wp-block-heading\"><strong><a href=\"https:\/\/jakosc.uksw.edu.pl\/tydzien-jakosci-ksztalcenia-2025\/wydarzenia-towarzyszace-tjk\/\">WYDARZENIA TOWARZYSZ\u0104CE TJK <\/a><\/strong><\/h2>\n\n\n\n<p><\/p>\n","protected":false},"excerpt":{"rendered":"<p>Uroczyste rozpocz\u0119cie Tygodnia Jako\u015bci Kszta\u0142ceniaprzez Jego Magnificencj\u0119 ks. prof. dr hab. Ryszarda Czekalskiego oraz Prorektor ds. studenckich i kszta\u0142cenia dr hab. prof. ucz. Ann\u0119 Fidelus nast\u0105pi 20 X 2025 r. o godz. 10:00 w sali 201, bud.23 20 X 2025 &#8211; PONIEDZIA\u0141EK 21 X 2025 &#8211; WTOREK 22 X 2025 &#8211; \u015aRODA 23 X 2025 [&hellip;]<\/p>\n","protected":false},"author":630,"featured_media":22845,"parent":0,"menu_order":0,"comment_status":"closed","ping_status":"closed","template":"page-templates\/template-sub-page.php","meta":{"_acf_changed":false,"inline_featured_image":false,"footnotes":"","_links_to":"","_links_to_target":""},"class_list":["post-22711","page","type-page","status-publish","has-post-thumbnail","hentry"],"acf":[],"_links":{"self":[{"href":"https:\/\/jakosc.uksw.edu.pl\/pl\/wp-json\/wp\/v2\/pages\/22711","targetHints":{"allow":["GET"]}}],"collection":[{"href":"https:\/\/jakosc.uksw.edu.pl\/pl\/wp-json\/wp\/v2\/pages"}],"about":[{"href":"https:\/\/jakosc.uksw.edu.pl\/pl\/wp-json\/wp\/v2\/types\/page"}],"author":[{"embeddable":true,"href":"https:\/\/jakosc.uksw.edu.pl\/pl\/wp-json\/wp\/v2\/users\/630"}],"replies":[{"embeddable":true,"href":"https:\/\/jakosc.uksw.edu.pl\/pl\/wp-json\/wp\/v2\/comments?post=22711"}],"version-history":[{"count":29,"href":"https:\/\/jakosc.uksw.edu.pl\/pl\/wp-json\/wp\/v2\/pages\/22711\/revisions"}],"predecessor-version":[{"id":23008,"href":"https:\/\/jakosc.uksw.edu.pl\/pl\/wp-json\/wp\/v2\/pages\/22711\/revisions\/23008"}],"wp:featuredmedia":[{"embeddable":true,"href":"https:\/\/jakosc.uksw.edu.pl\/pl\/wp-json\/wp\/v2\/media\/22845"}],"wp:attachment":[{"href":"https:\/\/jakosc.uksw.edu.pl\/pl\/wp-json\/wp\/v2\/media?parent=22711"}],"curies":[{"name":"wp","href":"https:\/\/api.w.org\/{rel}","templated":true}]}}