{"id":22685,"date":"2025-03-18T10:20:57","date_gmt":"2025-03-18T09:20:57","guid":{"rendered":"https:\/\/jednostki.uksw.edu.pl\/jakosc\/?page_id=22685"},"modified":"2025-03-18T10:20:58","modified_gmt":"2025-03-18T09:20:58","slug":"jakosc-ksztalcenia","status":"publish","type":"page","link":"https:\/\/jakosc.uksw.edu.pl\/jakosc-ksztalcenia\/","title":{"rendered":"Jako\u015b\u0107 kszta\u0142cenia"},"content":{"rendered":"\n<h2 class=\"wp-block-heading\">1. WSZJK<\/h2>\n\n\n\n<ul class=\"wp-block-list\">\n<li>WSZJK<\/li>\n\n\n\n<li>&#8230;.<\/li>\n<\/ul>\n\n\n\n<p><\/p>\n","protected":false},"excerpt":{"rendered":"<p>1. WSZJK<\/p>\n","protected":false},"author":630,"featured_media":0,"parent":0,"menu_order":0,"comment_status":"closed","ping_status":"closed","template":"","meta":{"_acf_changed":false,"inline_featured_image":false,"footnotes":"","_links_to":"","_links_to_target":""},"class_list":["post-22685","page","type-page","status-publish","hentry"],"acf":[],"_links":{"self":[{"href":"https:\/\/jakosc.uksw.edu.pl\/pl\/wp-json\/wp\/v2\/pages\/22685","targetHints":{"allow":["GET"]}}],"collection":[{"href":"https:\/\/jakosc.uksw.edu.pl\/pl\/wp-json\/wp\/v2\/pages"}],"about":[{"href":"https:\/\/jakosc.uksw.edu.pl\/pl\/wp-json\/wp\/v2\/types\/page"}],"author":[{"embeddable":true,"href":"https:\/\/jakosc.uksw.edu.pl\/pl\/wp-json\/wp\/v2\/users\/630"}],"replies":[{"embeddable":true,"href":"https:\/\/jakosc.uksw.edu.pl\/pl\/wp-json\/wp\/v2\/comments?post=22685"}],"version-history":[{"count":2,"href":"https:\/\/jakosc.uksw.edu.pl\/pl\/wp-json\/wp\/v2\/pages\/22685\/revisions"}],"predecessor-version":[{"id":22687,"href":"https:\/\/jakosc.uksw.edu.pl\/pl\/wp-json\/wp\/v2\/pages\/22685\/revisions\/22687"}],"wp:attachment":[{"href":"https:\/\/jakosc.uksw.edu.pl\/pl\/wp-json\/wp\/v2\/media?parent=22685"}],"curies":[{"name":"wp","href":"https:\/\/api.w.org\/{rel}","templated":true}]}}